{"id":860,"date":"2021-09-10T09:16:57","date_gmt":"2021-09-10T09:16:57","guid":{"rendered":"http:\/\/acquadesign.es\/sciencexpression\/?page_id=860"},"modified":"2021-09-10T09:16:57","modified_gmt":"2021-09-10T09:16:57","slug":"aviso-legal","status":"publish","type":"page","link":"https:\/\/sciencexpression.com\/index.php\/aviso-legal\/","title":{"rendered":"Aviso legal"},"content":{"rendered":"\n<div class=\"wp-block-ugb-container ugb-container ugb-2d890d9 ugb-container--v2 ugb-container--design-plain ugb-main-block\"><style>@media screen and (min-width:768px){.ugb-2d890d9-content-wrapper.ugb-container__content-wrapper{width:60% !important}}<\/style><div class=\"ugb-inner-block\"><div class=\"ugb-block-content\"><div class=\"ugb-container__wrapper ugb-2d890d9-wrapper\"><div class=\"ugb-container__side\"><div class=\"ugb-container__content-wrapper ugb-2d890d9-content-wrapper\">\n<h1 class=\"has-text-align-center wp-block-heading\">Aviso legal<\/h1>\n\n\n\n<h2 class=\"has-neve-link-color-color has-text-color wp-block-heading\">INFORMACI\u00d3N GENERAL<\/h2>\n\n\n\n<p>Grupo CellCOM del INIBIC\/FPNS dirigido por la Dra. Mar\u00eda D. May\u00e1n Santos, como responsable del sitio web, en adelante Responsable, pone a disposici\u00f3n de los usuarios el presente documento, en cumplimiento de las obligaciones dispuestas en la Ley 34\/2002, de 11 de julio, de Servicios de la Sociedad de la Informaci\u00f3n y de Comercio Electr\u00f3nico (LSSICE) y tambi\u00e9n como medio para informar a todos los usuarios del sitio web respecto de sus condiciones de uso.<\/p>\n\n\n\n<h2 class=\"has-neve-link-color-color has-text-color wp-block-heading\">CONDICIONES GENERALES DE USO<\/h2>\n\n\n\n<p>Esta sitio web se dirige a personas mayores de edad y toda persona que acceda al mismo es considerada como usuario, comprometi\u00e9ndose a la observancia y cumplimiento riguroso de estas disposiciones, as\u00ed como a cualquier otra previsi\u00f3n legal que fuera de aplicaci\u00f3n.<\/p>\n\n\n\n<p>Grupo CellCOM se reserva el derecho de modificar cualquier tipo de informaci\u00f3n que pudiera aparecer en el sitio web, sin que exista obligaci\u00f3n de preavisar o ponerlo en conocimiento de los usuarios, entendi\u00e9ndose como suficiente la publicaci\u00f3n en el propio sitio web.<\/p>\n\n\n\n<h2 class=\"has-neve-link-color-color has-text-color wp-block-heading\">DATOS IDENTIFICATIVOS<\/h2>\n\n\n\n<p>Nombre de dominio: sciencexpression.com Denominaci\u00f3n social: Fundaci\u00f3n Profesor Novoa Santos (FPNS).<br>CIF: G15335219<br>Domicilio social: Hospital Teresa Herrera, 1\u00aa Planta. Xubias de Arriba, n\u00ba84, 15006, A Coru\u00f1a<br>Tel\u00e9fono: 981 178 150<br>E-mail: Ma.Dolores.Mayan.Santos@sergas.es<\/p>\n\n\n\n<h2 class=\"has-neve-link-color-color has-text-color wp-block-heading\">DERECHOS DE PROPIEDAD INTELECTUAL E INDUSTRIAL<\/h2>\n\n\n\n<p>Todos los contenidos que se muestran en este sitio web, incluyendo a t\u00edtulo enunciativo, pero no limitativo su programaci\u00f3n, edici\u00f3n, compilaci\u00f3n y dem\u00e1s elementos necesarios para su funcionamiento, los dise\u00f1os, logotipos, texto y\/o gr\u00e1ficos, son propiedad del Responsable o se encuentra en disposici\u00f3n legal de su utilizaci\u00f3n, debidamente protegidos por la normativa de propiedad intelectual e industrial y pueden haber sido inscritos en los registros p\u00fablicos correspondientes. Su reproducci\u00f3n, total o parcial, uso, explotaci\u00f3n, distribuci\u00f3n y comercializaci\u00f3n, requiere en todo caso la autorizaci\u00f3n escrita previa por parte del Responsable. Cualquier uso no autorizado previamente se considera un incumplimiento grave de los derechos de propiedad intelectual o industrial del autor.<\/p>\n\n\n\n<p>Para realizar cualquier tipo de observaci\u00f3n respecto a posibles incumplimientos de los derechos de propiedad intelectual o industrial, as\u00ed como sobre cualquiera de los contenidos del sitio web, puede hacerlo a trav\u00e9s del correo electr\u00f3nico Ma.Dolores.Mayan.Santos@sergas.es<\/p>\n\n\n\n<h2 class=\"has-neve-link-color-color has-text-color wp-block-heading\">EXENCI\u00d3N DE RESPONSABILIDADES<\/h2>\n\n\n\n<p>El Responsable se exime de cualquier tipo de responsabilidad derivada de la informaci\u00f3n publicada en su sitio web siempre que esta haya sido manipulada o introducida por un tercero ajeno al mismo.<\/p>\n\n\n\n<p>La informaci\u00f3n contenida en la p\u00e1gina web pretende ser lo m\u00e1s veraz y actualizada posible, no obstante, el Responsable no asume responsabilidad sobre su contenido.<\/p>\n\n\n\n<h2 class=\"has-neve-link-color-color has-text-color wp-block-heading\">Uso de Cookies<\/h2>\n\n\n\n<p>Este sitio web utiliza cookies t\u00e9cnicas para llevar a cabo determinadas funciones que son consideradas imprescindibles para el correcto funcionamiento y visualizaci\u00f3n del sitio pero pueden utilizarse otro tipo de cookies que el usuario puede configurar. Para m\u00e1s informaci\u00f3n al respecto consulte la Pol\u00edtica de cookies.<\/p>\n\n\n\n<h2 class=\"has-neve-link-color-color has-text-color wp-block-heading\">Pol\u00edtica de enlaces<\/h2>\n\n\n\n<p>Desde el sitio web es posible que se redirija a contenidos de terceros y dado que el Responsable no puede controlar los contenidos introducidos por terceros en sus respectivos sitios web, no asume ning\u00fan tipo de responsabilidad respecto a dichos contenidos.<\/p>\n\n\n\n<h2 class=\"has-neve-link-color-color has-text-color wp-block-heading\">Direcciones IP<\/h2>\n\n\n\n<p>Los servidores del sitio web podr\u00e1n detectar de manera autom\u00e1tica la direcci\u00f3n IP y el nombre de dominio utilizados por el usuario. Esta informaci\u00f3n se registra en un fichero de actividad del servidor que permite el posterior procesamiento de los datos con el fin de obtener mediciones estad\u00edsticas para conocer aspectos como el n\u00famero de impresiones de p\u00e1ginas o de visitas a los servidores web, el orden de estas \u00faltimas, el punto de acceso, etc.<\/p>\n\n\n\n<h2 class=\"has-neve-link-color-color has-text-color wp-block-heading\">LEY APLICABLE Y JURISDICCI\u00d3N<\/h2>\n\n\n\n<p>Para la resoluci\u00f3n de todas las controversias o cuestiones relacionadas con el presente sitio web o de las actividades en \u00e9l desarrolladas, ser\u00e1 de aplicaci\u00f3n la legislaci\u00f3n espa\u00f1ola, a la que se someten expresamente las partes, siendo competentes para la resoluci\u00f3n de todos los conflictos derivados o relacionados con su uso los Juzgados y Tribunales que correspondan.<\/p>\n\n\n\n<p><\/p>\n<\/div><\/div><\/div><\/div><\/div><\/div>\n","protected":false},"excerpt":{"rendered":"<p>Aviso legal INFORMACI\u00d3N GENERAL Grupo CellCOM del INIBIC\/FPNS dirigido por la Dra. Mar\u00eda D. May\u00e1n Santos, como responsable del sitio web, en adelante Responsable, pone a disposici\u00f3n de los usuarios el presente documento, en cumplimiento de las obligaciones dispuestas en la Ley 34\/2002, de 11 de julio, de Servicios de la Sociedad de la Informaci\u00f3n&hellip;&nbsp;<a href=\"https:\/\/sciencexpression.com\/index.php\/aviso-legal\/\" rel=\"bookmark\">Read More &raquo;<span class=\"screen-reader-text\">Aviso legal<\/span><\/a><\/p>\n","protected":false},"author":1,"featured_media":0,"parent":0,"menu_order":0,"comment_status":"closed","ping_status":"closed","template":"page-templates\/template-pagebuilder-full-width.php","meta":{"qubely_global_settings":"","qubely_interactions":"","_eb_attr":"","neve_meta_sidebar":"","neve_meta_container":"","neve_meta_enable_content_width":"","neve_meta_content_width":0,"neve_meta_title_alignment":"","neve_meta_author_avatar":"","neve_post_elements_order":"","neve_meta_disable_header":"","neve_meta_disable_footer":"","neve_meta_disable_title":"","pgc_sgb_lightbox_settings":"","footnotes":""},"class_list":["post-860","page","type-page","status-publish","hentry"],"featured_image_urls_v2":{"full":"","thumbnail":"","medium":"","medium_large":"","large":"","1536x1536":"","2048x2048":"","qubely_landscape":"","qubely_portrait":"","qubely_thumbnail":"","neve-blog":"","awb_sm":"","awb_md":"","awb_lg":"","awb_xl":""},"post_excerpt_stackable_v2":"<p>Aviso legal INFORMACI\u00d3N GENERAL Grupo CellCOM del INIBIC\/FPNS dirigido por la Dra. Mar\u00eda D. May\u00e1n Santos, como responsable del sitio web, en adelante Responsable, pone a disposici\u00f3n de los usuarios el presente documento, en cumplimiento de las obligaciones dispuestas en la Ley 34\/2002, de 11 de julio, de Servicios de la Sociedad de la Informaci\u00f3n y de Comercio Electr\u00f3nico (LSSICE) y tambi\u00e9n como medio para informar a todos los usuarios del sitio web respecto de sus condiciones de uso. CONDICIONES GENERALES DE USO Esta sitio web se dirige a personas mayores de edad y toda persona que acceda al mismo&hellip;<\/p>\n","category_list_v2":"","author_info_v2":{"name":"juan","url":"https:\/\/sciencexpression.com\/index.php\/author\/juan\/"},"comments_num_v2":"0 comments","_links":{"self":[{"href":"https:\/\/sciencexpression.com\/index.php\/wp-json\/wp\/v2\/pages\/860","targetHints":{"allow":["GET"]}}],"collection":[{"href":"https:\/\/sciencexpression.com\/index.php\/wp-json\/wp\/v2\/pages"}],"about":[{"href":"https:\/\/sciencexpression.com\/index.php\/wp-json\/wp\/v2\/types\/page"}],"author":[{"embeddable":true,"href":"https:\/\/sciencexpression.com\/index.php\/wp-json\/wp\/v2\/users\/1"}],"replies":[{"embeddable":true,"href":"https:\/\/sciencexpression.com\/index.php\/wp-json\/wp\/v2\/comments?post=860"}],"version-history":[{"count":0,"href":"https:\/\/sciencexpression.com\/index.php\/wp-json\/wp\/v2\/pages\/860\/revisions"}],"wp:attachment":[{"href":"https:\/\/sciencexpression.com\/index.php\/wp-json\/wp\/v2\/media?parent=860"}],"curies":[{"name":"wp","href":"https:\/\/api.w.org\/{rel}","templated":true}]}}