{"id":16,"date":"2021-09-06T17:30:23","date_gmt":"2021-09-06T17:30:23","guid":{"rendered":"http:\/\/acquadesign.es\/sciencexpression\/?page_id=16"},"modified":"2022-10-03T09:28:43","modified_gmt":"2022-10-03T09:28:43","slug":"organizers-and-sponsors","status":"publish","type":"page","link":"https:\/\/sciencexpression.com\/index.php\/organizers-and-sponsors\/","title":{"rendered":"Organizers and sponsors"},"content":{"rendered":"<style>#kt-layout-id_d39dc2-a5 > .kt-row-column-wrap{align-content:center;}:where(#kt-layout-id_d39dc2-a5 > .kt-row-column-wrap) > .wp-block-kadence-column{justify-content:center;}#kt-layout-id_d39dc2-a5 > .kt-row-column-wrap{column-gap:var(--global-kb-gap-md, 2rem);row-gap:var(--global-kb-gap-md, 2rem);padding-top:var( --global-kb-row-default-top, 25px );padding-bottom:var( --global-kb-row-default-bottom, 25px );padding-top:var(--global-kb-spacing-sm, 1.5rem);padding-bottom:var(--global-kb-spacing-sm, 1.5rem);min-height:40vh;grid-template-columns:minmax(0, 1fr);}#kt-layout-id_d39dc2-a5{background-image:url('http:\/\/sciencexpression.com\/wp-content\/uploads\/2021\/09\/recortada.jpg');background-size:cover;background-position:center center;background-attachment:scroll;background-repeat:no-repeat;}#kt-layout-id_d39dc2-a5 > .kt-row-layout-overlay{opacity:0.30;}@media all and (max-width: 1024px){#kt-layout-id_d39dc2-a5 > .kt-row-column-wrap{grid-template-columns:minmax(0, 1fr);}}@media all and (max-width: 767px){#kt-layout-id_d39dc2-a5 > .kt-row-column-wrap{grid-template-columns:minmax(0, 1fr);}}<\/style>\n<div class=\"wp-block-kadence-rowlayout alignfull\"><div id=\"kt-layout-id_d39dc2-a5\" class=\"kt-row-layout-inner kt-row-has-bg kt-layout-id_d39dc2-a5\"><div class=\"kt-row-column-wrap kt-has-1-columns kt-gutter-default kt-v-gutter-default kt-row-valign-middle kt-row-layout-equal kt-tab-layout-inherit kt-m-colapse-left-to-right kt-mobile-layout-row\"><style>.kadence-column_0f183e-01 > .kt-inside-inner-col{border-top-width:0px;border-right-width:0px;border-bottom-width:0px;border-left-width:0px;}.kadence-column_0f183e-01 > .kt-inside-inner-col,.kadence-column_0f183e-01 > .kt-inside-inner-col:before{border-top-left-radius:0px;border-top-right-radius:0px;border-bottom-right-radius:0px;border-bottom-left-radius:0px;}.kadence-column_0f183e-01 > .kt-inside-inner-col{column-gap:var(--global-kb-gap-sm, 1rem);}.kadence-column_0f183e-01 > .kt-inside-inner-col{flex-direction:column;}.kadence-column_0f183e-01 > .kt-inside-inner-col > .aligncenter{width:100%;}.kadence-column_0f183e-01 > .kt-inside-inner-col:before{opacity:0.3;}.kadence-column_0f183e-01{position:relative;}@media all and (max-width: 1024px){.kadence-column_0f183e-01 > .kt-inside-inner-col{flex-direction:column;justify-content:center;}}@media all and (max-width: 767px){.kadence-column_0f183e-01 > .kt-inside-inner-col{flex-direction:column;justify-content:center;}}<\/style>\n<div class=\"wp-block-kadence-column inner-column-1 kadence-column_0f183e-01\"><div class=\"kt-inside-inner-col\">\n<h1 class=\"has-text-align-center has-animator has-nv-site-bg-color has-text-color wp-block-heading\" id=\"1-science-xpression-2021\"><strong><span class=\"has-inline-color has-nv-site-bg-color\">Organizers and sponsors<\/span><\/strong><\/h1>\n<\/div><\/div>\n<\/div><\/div><\/div>\n\n\n\n<div class=\"alignfull wp-block-ugb-container ugb-container ugb-48bf3c9 ugb-container--v2 ugb-container--design-plain ugb-main-block\"><style>@media screen and (min-width:768px){.ugb-48bf3c9-content-wrapper.ugb-container__content-wrapper{width:60% !important}}<\/style><div class=\"ugb-inner-block\"><div class=\"ugb-block-content\"><div class=\"ugb-container__wrapper ugb-48bf3c9-wrapper\"><div class=\"ugb-container__side\"><div class=\"ugb-container__content-wrapper ugb-48bf3c9-content-wrapper\">\n<div class=\"wp-block-ugb-heading ugb-heading ugb-ff51a85 ugb-main-block\"><style>.ugb-ff51a85 .ugb-heading__title{text-align:center}.ugb-ff51a85 .ugb-inner-block{text-align:center}<\/style><div class=\"ugb-inner-block\"><div class=\"ugb-block-content\"><h2 class=\"ugb-heading__title\"><mark style=\"background-color:rgba(0, 0, 0, 0)\" class=\"has-inline-color has-neve-link-color-color\">Organizers and scientific comittee<\/mark><\/h2><\/div><\/div><\/div>\n\n\n\n<div style=\"height:50px\" aria-hidden=\"true\" class=\"wp-block-spacer\"><\/div>\n\n\n\n<p><strong>Mar\u00eda D. May\u00e1n Santos<\/strong> <mark style=\"background-color:rgba(0, 0, 0, 0)\" class=\"has-inline-color has-neve-link-hover-color-color\">(Instituto de Investigaci\u00f3n Biom\u00e9dica de A Coru\u00f1a (INIBIC). CHUAC-SERGAS)<\/mark><\/p>\n\n\n\n<p><strong>Manuel Becerra Fern\u00e1ndez<\/strong><mark style=\"background-color:rgba(0, 0, 0, 0)\" class=\"has-inline-color has-neve-link-hover-color-color\"> (Department of Biology, Facultade de Ciencias and Centro de Investigaci\u00f3ns Cient\u00edficas Avanzadas (CICA), Universidade da Coru\u00f1a)<\/mark><\/p>\n\n\n\n<p><strong>Elena Pazos<\/strong> <mark style=\"background-color:rgba(0, 0, 0, 0)\" class=\"has-inline-color has-neve-link-hover-color-color\">(Department of Chemistry, Facultade de Ciencias and Centro de Investigaci\u00f3ns Cient\u00edficas Avanzadas (CICA), Universidade da Coru\u00f1a)<\/mark><\/p>\n<\/div><\/div><\/div><\/div><\/div><\/div>\n\n\n\n<div class=\"alignfull wp-block-ugb-container ugb-container ugb-7759134 ugb-container--v2 ugb-container--design-plain ugb-main-block ugb-main-block--inner-full ugb--has-block-background\"><style>.ugb-7759134.ugb-container{background-color:var(--nv-light-bg)}.ugb-7759134.ugb-container:before{background-color:var(--nv-light-bg)}@media screen and (min-width:768px){.ugb-7759134-content-wrapper.ugb-container__content-wrapper{width:60% !important}}@media screen and (max-width:768px){.ugb-7759134.ugb-container{padding-right:20px !important;padding-left:20px !important}}<\/style><div class=\"ugb-inner-block ugb-inner-block--full\"><div class=\"ugb-block-content\"><div class=\"ugb-container__wrapper ugb-7759134-wrapper\"><div class=\"ugb-container__side\"><div class=\"ugb-container__content-wrapper ugb-7759134-content-wrapper\">\n<div class=\"wp-block-ugb-heading ugb-heading ugb-a1a26fa ugb-main-block\"><style>.ugb-a1a26fa .ugb-heading__title{color:var(--nv-primary-accent);text-align:center}.ugb-a1a26fa .ugb-inner-block{text-align:center}<\/style><div class=\"ugb-inner-block\"><div class=\"ugb-block-content\"><h2 class=\"ugb-heading__title\">Co-organizers:<\/h2><\/div><\/div><\/div>\n\n\n\n<div style=\"height:50px\" aria-hidden=\"true\" class=\"wp-block-spacer\"><\/div>\n\n\n\n<p><strong>Marta Barturen G\u00f3mez<\/strong> <span class=\"has-inline-color has-neve-link-hover-color-color\">(INIBIC, A Coru\u00f1a)<\/span><\/p>\n\n\n\n<p><strong>Alexander Carneiro Figueira<\/strong> <span class=\"has-inline-color has-neve-link-hover-color-color\">(INIBIC, A Coru\u00f1a)<\/span><\/p>\n\n\n\n<p><strong>Paula Carpintero Fern\u00e1ndez<\/strong> <span class=\"has-inline-color has-neve-link-hover-color-color\">(INIBIC, A Coru\u00f1a)<\/span><\/p>\n\n\n\n<p><strong>Alejandro Garc\u00eda Yuste<\/strong> <mark style=\"background-color:rgba(0, 0, 0, 0)\" class=\"has-inline-color has-neve-link-hover-color-color\">(INIBIC, A Coru\u00f1a)<\/mark><\/p>\n\n\n\n<p><strong>Amanda Guiti\u00e1n Caama\u00f1o<\/strong> <span class=\"has-inline-color has-neve-link-hover-color-color\">(INIBIC, A Coru\u00f1a)<\/span><\/p>\n\n\n\n<p><strong>I\u00f1aki L\u00f3pez D\u00edaz<\/strong> <span class=\"has-inline-color has-neve-link-hover-color-color\">(INIBIC, A Coru\u00f1a)<\/span><\/p>\n\n\n\n<p><strong>Marina Rodr\u00edguez Candela-Mateos<\/strong> <span class=\"has-inline-color has-neve-link-hover-color-color\">(INIBIC, A Coru\u00f1a)<\/span><\/p>\n\n\n\n<p><strong>Tania Montes Morado<\/strong><span class=\"has-inline-color has-neve-link-hover-color-color\"> (INIBIC, A Coru<\/span>\u00f1a)<\/p>\n\n\n\n<p><strong>Adri\u00e1n Varela V\u00e1zquez<\/strong> <mark style=\"background-color:rgba(0, 0, 0, 0)\" class=\"has-inline-color has-neve-link-hover-color-color\">(INIBIC, A Coru\u00f1a)<\/mark><\/p>\n\n\n\n<p><strong>Eloy Almenar P\u00e9rez<\/strong> <mark style=\"background-color:rgba(0, 0, 0, 0)\" class=\"has-inline-color has-neve-link-hover-color-color\"><mark style=\"background-color:rgba(0, 0, 0, 0)\" class=\"has-inline-color has-neve-link-hover-color-color\">(INIBIC, A Coru\u00f1a)<\/mark><\/mark><\/p>\n\n\n\n<p><strong>Ra\u00fal Fontelo Rodr\u00edguez<\/strong> <mark style=\"background-color:rgba(0, 0, 0, 0)\" class=\"has-inline-color has-neve-link-hover-color-color\">(INIBIC, A Coru\u00f1a)<\/mark><\/p>\n<\/div><\/div><\/div><\/div><\/div><\/div>\n\n\n\n<div class=\"alignfull wp-block-ugb-container ugb-container ugb-23a8f04 ugb-container--v2 ugb-container--design-plain ugb-main-block\"><style>@media screen and (min-width:768px){.ugb-23a8f04-content-wrapper.ugb-container__content-wrapper{width:70% !important}}<\/style><div class=\"ugb-inner-block\"><div class=\"ugb-block-content\"><div class=\"ugb-container__wrapper ugb-23a8f04-wrapper\"><div class=\"ugb-container__side\"><div class=\"ugb-container__content-wrapper ugb-23a8f04-content-wrapper\">\n<div class=\"wp-block-ugb-heading ugb-heading ugb-e1e8167 ugb-main-block\"><style>.ugb-e1e8167 .ugb-heading__title{color:var(--nv-primary-accent);text-align:center}.ugb-e1e8167 .ugb-inner-block{text-align:center}<\/style><div class=\"ugb-inner-block\"><div class=\"ugb-block-content\"><h2 class=\"ugb-heading__title\">Sponsors:<\/h2><\/div><\/div><\/div>\n\n\n\n<div style=\"height:50px\" aria-hidden=\"true\" class=\"wp-block-spacer\"><\/div>\n\n\n\n<div class=\"wp-block-ugb-columns ugb-columns ugb-dfef378 ugb-columns--design-plain ugb-columns--columns-4 ugb-main-block\"><style>.ugb-dfef378-content-wrapper > .ugb-column{align-items:center !important}.ugb-dfef378-content-wrapper > .ugb-column > .ugb-inner-block{height:auto !important}.ugb-dfef378 .ugb-inner-block{text-align:center}<\/style><div class=\"ugb-inner-block\"><div class=\"ugb-block-content\"><div class=\"ugb-columns__item ugb-dfef378-content-wrapper\">\n<div class=\"wp-block-ugb-column ugb-column ugb-c69dd8b ugb-column--design-plain ugb-main-block\"><style>.ugb-c69dd8b-column-wrapper .ugb-column__content-wrapper{width:60% !important}.ugb-c69dd8b-column-wrapper{align-items:center !important}.ugb-c69dd8b .ugb-inner-block{text-align:center}<\/style><div class=\"ugb-inner-block\"><div class=\"ugb-block-content\"><div class=\"ugb-column__item ugb-c69dd8b-column-wrapper ugb-container-link\"><div class=\"ugb-column__content-wrapper\">\n<figure class=\"wp-block-image size-full is-resized\"><a href=\"https:\/\/web2020.sebbm.es\/\"><img loading=\"lazy\" decoding=\"async\" src=\"http:\/\/sciencexpression.com\/wp-content\/uploads\/2021\/09\/sebm.png\" alt=\"sebbbm\" class=\"wp-image-979\" width=\"148\" height=\"67\" srcset=\"https:\/\/sciencexpression.com\/wp-content\/uploads\/2021\/09\/sebm.png 333w, https:\/\/sciencexpression.com\/wp-content\/uploads\/2021\/09\/sebm-300x136.png 300w\" sizes=\"auto, (max-width: 148px) 100vw, 148px\" \/><\/a><\/figure>\n\n\n\n<div class=\"wp-block-qubely-image aligncenter qubely-block-b2239c\"><div class=\"qubely-block-image  qubely-image-layout-simple\"><div class=\"qubely-image-media qubely-vertical-alignment-center qubely-horizontal-alignment-center\"><figure><div class=\"qubely-image-container\"><a href=\"https:\/\/web2020.sebbm.es\" target=\"_blank\" rel=\"noopener noreferrer\"><img decoding=\"async\" class=\"qubely-image-image\" src=\"http:\/\/acquadesign.es\/sciencexpression\/wp-content\/uploads\/2021\/09\/sebm.png\" alt=\"\"\/><\/a><\/div><\/figure><\/div><\/div><\/div>\n<\/div><a tabindex=\"-1\" aria-hidden=\"true\" href=\"https:\/\/web2020.sebbm.es\" target=\"_blank\" rel=\"noopener noreferrer\"><\/a><\/div><\/div><\/div><\/div>\n\n\n\n<div class=\"wp-block-ugb-column ugb-column ugb-5859932 ugb-column--design-plain ugb-main-block\"><style>.ugb-5859932-column-wrapper .ugb-column__content-wrapper{width:70% !important}.ugb-5859932-column-wrapper{align-items:center !important}.ugb-5859932 .ugb-inner-block{text-align:center}.ugb-5859932 > .ugb-inner-block > .ugb-block-content > *{justify-content:center !important}<\/style><div class=\"ugb-inner-block\"><div class=\"ugb-block-content\"><div class=\"ugb-column__item ugb-5859932-column-wrapper ugb-container-link\"><div class=\"ugb-column__content-wrapper\">\n<figure class=\"wp-block-image size-large is-resized\"><a href=\"https:\/\/www.udc.es\/\"><img loading=\"lazy\" decoding=\"async\" src=\"http:\/\/sciencexpression.com\/wp-content\/uploads\/2021\/09\/udc-grande-1024x132.png\" alt=\"udc\" class=\"wp-image-987\" width=\"172\" height=\"22\" srcset=\"https:\/\/sciencexpression.com\/wp-content\/uploads\/2021\/09\/udc-grande-1024x132.png 1024w, https:\/\/sciencexpression.com\/wp-content\/uploads\/2021\/09\/udc-grande-300x39.png 300w, https:\/\/sciencexpression.com\/wp-content\/uploads\/2021\/09\/udc-grande-768x99.png 768w, https:\/\/sciencexpression.com\/wp-content\/uploads\/2021\/09\/udc-grande-1536x198.png 1536w, https:\/\/sciencexpression.com\/wp-content\/uploads\/2021\/09\/udc-grande-2048x264.png 2048w, https:\/\/sciencexpression.com\/wp-content\/uploads\/2021\/09\/udc-grande-1568x202.png 1568w\" sizes=\"auto, (max-width: 172px) 100vw, 172px\" \/><\/a><\/figure>\n<\/div><a tabindex=\"-1\" aria-hidden=\"true\" href=\"https:\/\/www.udc.es\" target=\"_blank\" rel=\"noopener noreferrer\"><\/a><\/div><\/div><\/div><\/div>\n\n\n\n<div class=\"wp-block-ugb-column ugb-column ugb-3f0f4b8 ugb-column--design-plain ugb-main-block\"><style>.ugb-3f0f4b8-column-wrapper .ugb-column__content-wrapper{width:60% !important}.ugb-3f0f4b8-column-wrapper{align-items:center !important}.ugb-3f0f4b8 .ugb-inner-block{text-align:center}<\/style><div class=\"ugb-inner-block\"><div class=\"ugb-block-content\"><div class=\"ugb-column__item ugb-3f0f4b8-column-wrapper ugb-container-link\"><div class=\"ugb-column__content-wrapper\">\n<figure class=\"wp-block-image size-full\"><a href=\"http:\/\/www.inibic.es\/\"><img loading=\"lazy\" decoding=\"async\" width=\"512\" height=\"314\" src=\"http:\/\/sciencexpression.com\/wp-content\/uploads\/2021\/09\/inibic_-transp.png\" alt=\"inibic\" class=\"wp-image-1096\" srcset=\"https:\/\/sciencexpression.com\/wp-content\/uploads\/2021\/09\/inibic_-transp.png 512w, https:\/\/sciencexpression.com\/wp-content\/uploads\/2021\/09\/inibic_-transp-300x184.png 300w\" sizes=\"auto, (max-width: 512px) 100vw, 512px\" \/><\/a><\/figure>\n\n\n\n<div class=\"wp-block-qubely-image aligncenter qubely-block-b035cf\"><div class=\"qubely-block-image  qubely-image-layout-simple\"><div class=\"qubely-image-media qubely-vertical-alignment-center qubely-horizontal-alignment-center\"><figure><div class=\"qubely-image-container\"><img decoding=\"async\" class=\"qubely-image-image\" src=\"http:\/\/acquadesign.es\/sciencexpression\/wp-content\/uploads\/2021\/09\/logo_inibic_trans.png\" alt=\"\"\/><\/div><\/figure><\/div><\/div><\/div>\n<\/div><a tabindex=\"-1\" aria-hidden=\"true\" href=\"http:\/\/www.inibic.es\" target=\"_blank\" rel=\"noopener noreferrer\"><\/a><\/div><\/div><\/div><\/div>\n\n\n\n<div class=\"wp-block-ugb-column ugb-column ugb-b681449 ugb-column--design-plain ugb-main-block\"><style>.ugb-b681449 .ugb-inner-block{text-align:center}<\/style><div class=\"ugb-inner-block\"><div class=\"ugb-block-content\"><div class=\"ugb-column__item ugb-b681449-column-wrapper\"><div class=\"ugb-column__content-wrapper\">\n<figure class=\"wp-block-image size-full\"><a href=\"https:\/\/www.xunta.gal\/portada\"><img loading=\"lazy\" decoding=\"async\" width=\"300\" height=\"70\" src=\"http:\/\/sciencexpression.com\/wp-content\/uploads\/2021\/10\/xunta-gain3.jpg\" alt=\"xunta galicia\" class=\"wp-image-1821\"\/><\/a><figcaption>IN607B2020\/12<\/figcaption><\/figure>\n<\/div><\/div><\/div><\/div><\/div>\n<\/div><\/div><\/div><\/div>\n\n\n\n<div class=\"alignfull wp-block-ugb-columns ugb-columns ugb-6be2296 ugb-columns--design-plain ugb-columns--columns-4 ugb-main-block ugb-main-block--inner-center ugb--has-block-background\"><style>.ugb-6be2296-content-wrapper > .ugb-column{align-items:center !important}.ugb-6be2296-content-wrapper > .ugb-column > .ugb-inner-block{height:auto !important}.ugb-6be2296 .ugb-inner-block{text-align:center}.ugb-6be2296.ugb-columns{background-color:var(--nv-site-bg)}.ugb-6be2296.ugb-columns:before{background-color:var(--nv-site-bg)}<\/style><div class=\"ugb-inner-block ugb-inner-block--center\"><div class=\"ugb-block-content\"><div class=\"ugb-columns__item ugb-6be2296-content-wrapper\">\n<div class=\"wp-block-ugb-column ugb-column ugb-41736fc ugb-column--design-plain ugb-main-block\"><style>.ugb-41736fc .ugb-inner-block{text-align:center}<\/style><div class=\"ugb-inner-block\"><div class=\"ugb-block-content\"><div class=\"ugb-column__item ugb-41736fc-column-wrapper ugb-container-link\"><div class=\"ugb-column__content-wrapper\">\n<figure class=\"wp-block-image size-full\"><a href=\"https:\/\/cica.udc.gal\/\"><img loading=\"lazy\" decoding=\"async\" width=\"222\" height=\"91\" src=\"http:\/\/sciencexpression.com\/wp-content\/uploads\/2021\/09\/Logo-CICA-color-plano_claim-ingles-2.jpg\" alt=\"cica\" class=\"wp-image-919\"\/><\/a><\/figure>\n<\/div><a tabindex=\"-1\" aria-hidden=\"true\" href=\"https:\/\/cica.udc.gal\" target=\"_blank\" rel=\"noopener noreferrer\"><\/a><\/div><\/div><\/div><\/div>\n\n\n\n<div class=\"wp-block-ugb-column ugb-column ugb-2a17143 ugb-column--design-plain ugb-main-block\"><style>.ugb-2a17143 .ugb-inner-block{text-align:center}<\/style><div class=\"ugb-inner-block\"><div class=\"ugb-block-content\"><div class=\"ugb-column__item ugb-2a17143-column-wrapper ugb-container-link\"><div class=\"ugb-column__content-wrapper\">\n<figure class=\"wp-block-image size-full\"><a href=\"http:\/\/www.fundacionprofesornovoasantos.org\/\"><img loading=\"lazy\" decoding=\"async\" width=\"202\" height=\"120\" src=\"http:\/\/sciencexpression.com\/wp-content\/uploads\/2021\/09\/novoa.png\" alt=\"fundaci\u00f3n profesor novoa santos\" class=\"wp-image-921\"\/><\/a><\/figure>\n<\/div><a tabindex=\"-1\" aria-hidden=\"true\" href=\"http:\/\/www.fundacionprofesornovoasantos.org\" target=\"_blank\" rel=\"noopener noreferrer\"><\/a><\/div><\/div><\/div><\/div>\n\n\n\n<div class=\"wp-block-ugb-column ugb-column ugb-0140bf8 ugb-column--design-plain ugb-main-block\"><style>.ugb-0140bf8-column-wrapper .ugb-column__content-wrapper{width:80% !important}.ugb-0140bf8-column-wrapper{align-items:center !important}.ugb-0140bf8 .ugb-inner-block{text-align:center}<\/style><div class=\"ugb-inner-block\"><div class=\"ugb-block-content\"><div class=\"ugb-column__item ugb-0140bf8-column-wrapper ugb-container-link\"><div class=\"ugb-column__content-wrapper\"><div class=\"wp-block-image is-style-default\">\n<figure class=\"aligncenter size-full\"><a href=\"https:\/\/www.biologists.com\/\"><img loading=\"lazy\" decoding=\"async\" width=\"537\" height=\"310\" src=\"http:\/\/sciencexpression.com\/wp-content\/uploads\/2021\/09\/company_bio.png\" alt=\"\" class=\"wp-image-1347\" srcset=\"https:\/\/sciencexpression.com\/wp-content\/uploads\/2021\/09\/company_bio.png 537w, https:\/\/sciencexpression.com\/wp-content\/uploads\/2021\/09\/company_bio-300x173.png 300w, https:\/\/sciencexpression.com\/wp-content\/uploads\/2021\/09\/company_bio-500x289.png 500w\" sizes=\"auto, (max-width: 537px) 100vw, 537px\" \/><\/a><\/figure>\n<\/div><\/div><a tabindex=\"-1\" aria-hidden=\"true\" href=\"https:\/\/www.biologists.com\" target=\"_blank\" rel=\"noopener noreferrer\"><\/a><\/div><\/div><\/div><\/div>\n\n\n\n<div class=\"wp-block-ugb-column ugb-column ugb-630d4e8 ugb-column--design-plain ugb-main-block\"><style>.ugb-630d4e8 .ugb-inner-block{text-align:center}<\/style><div class=\"ugb-inner-block\"><div class=\"ugb-block-content\"><div class=\"ugb-column__item ugb-630d4e8-column-wrapper ugb-container-link\"><div class=\"ugb-column__content-wrapper\">\n<figure class=\"wp-block-image size-full\"><img loading=\"lazy\" decoding=\"async\" width=\"461\" height=\"252\" src=\"http:\/\/sciencexpression.com\/wp-content\/uploads\/2021\/09\/xerencia.png\" alt=\"sergas xerencia xesti\u00f3n integrada a Coru\u00f1a\" class=\"wp-image-930\" srcset=\"https:\/\/sciencexpression.com\/wp-content\/uploads\/2021\/09\/xerencia.png 461w, https:\/\/sciencexpression.com\/wp-content\/uploads\/2021\/09\/xerencia-300x164.png 300w\" sizes=\"auto, (max-width: 461px) 100vw, 461px\" \/><\/figure>\n<\/div><a tabindex=\"-1\" aria-hidden=\"true\" href=\"https:\/\/www.sergas.es\/\" target=\"_blank\" rel=\"noopener noreferrer\"><\/a><\/div><\/div><\/div><\/div>\n<\/div><\/div><\/div><\/div>\n<\/div><\/div><\/div><\/div><\/div><\/div>\n","protected":false},"excerpt":{"rendered":"<p>Organizers and sponsors Organizers and scientific comittee Mar\u00eda D. May\u00e1n Santos (Instituto de Investigaci\u00f3n Biom\u00e9dica de A Coru\u00f1a (INIBIC). CHUAC-SERGAS) Manuel Becerra Fern\u00e1ndez (Department of Biology, Facultade de Ciencias and Centro de Investigaci\u00f3ns Cient\u00edficas Avanzadas (CICA), Universidade da Coru\u00f1a) Elena Pazos (Department of Chemistry, Facultade de Ciencias and Centro de Investigaci\u00f3ns Cient\u00edficas Avanzadas (CICA), Universidade&hellip;&nbsp;<a href=\"https:\/\/sciencexpression.com\/index.php\/organizers-and-sponsors\/\" rel=\"bookmark\">Read More &raquo;<span class=\"screen-reader-text\">Organizers and sponsors<\/span><\/a><\/p>\n","protected":false},"author":1,"featured_media":0,"parent":0,"menu_order":0,"comment_status":"closed","ping_status":"closed","template":"page-templates\/template-pagebuilder-full-width.php","meta":{"qubely_global_settings":"","qubely_interactions":"","_eb_attr":"","neve_meta_sidebar":"","neve_meta_container":"","neve_meta_enable_content_width":"","neve_meta_content_width":0,"neve_meta_title_alignment":"","neve_meta_author_avatar":"","neve_post_elements_order":"","neve_meta_disable_header":"","neve_meta_disable_footer":"","neve_meta_disable_title":"","pgc_sgb_lightbox_settings":"","footnotes":""},"class_list":["post-16","page","type-page","status-publish","hentry"],"featured_image_urls_v2":{"full":"","thumbnail":"","medium":"","medium_large":"","large":"","1536x1536":"","2048x2048":"","qubely_landscape":"","qubely_portrait":"","qubely_thumbnail":"","neve-blog":"","awb_sm":"","awb_md":"","awb_lg":"","awb_xl":""},"post_excerpt_stackable_v2":"<p>Organizers and sponsors Organizers and scientific comittee Mar\u00eda D. May\u00e1n Santos (Instituto de Investigaci\u00f3n Biom\u00e9dica de A Coru\u00f1a (INIBIC). CHUAC-SERGAS) Manuel Becerra Fern\u00e1ndez (Department of Biology, Facultade de Ciencias and Centro de Investigaci\u00f3ns Cient\u00edficas Avanzadas (CICA), Universidade da Coru\u00f1a) Elena Pazos (Department of Chemistry, Facultade de Ciencias and Centro de Investigaci\u00f3ns Cient\u00edficas Avanzadas (CICA), Universidade da Coru\u00f1a) Co-organizers: Marta Barturen G\u00f3mez (INIBIC, A Coru\u00f1a) Alexander Carneiro Figueira (INIBIC, A Coru\u00f1a) Paula Carpintero Fern\u00e1ndez (INIBIC, A Coru\u00f1a) Alejandro Garc\u00eda Yuste (INIBIC, A Coru\u00f1a) Amanda Guiti\u00e1n Caama\u00f1o (INIBIC, A Coru\u00f1a) I\u00f1aki L\u00f3pez D\u00edaz (INIBIC, A Coru\u00f1a) Marina Rodr\u00edguez Candela-Mateos (INIBIC, A Coru\u00f1a)&hellip;<\/p>\n","category_list_v2":"","author_info_v2":{"name":"juan","url":"https:\/\/sciencexpression.com\/index.php\/author\/juan\/"},"comments_num_v2":"0 comments","_links":{"self":[{"href":"https:\/\/sciencexpression.com\/index.php\/wp-json\/wp\/v2\/pages\/16","targetHints":{"allow":["GET"]}}],"collection":[{"href":"https:\/\/sciencexpression.com\/index.php\/wp-json\/wp\/v2\/pages"}],"about":[{"href":"https:\/\/sciencexpression.com\/index.php\/wp-json\/wp\/v2\/types\/page"}],"author":[{"embeddable":true,"href":"https:\/\/sciencexpression.com\/index.php\/wp-json\/wp\/v2\/users\/1"}],"replies":[{"embeddable":true,"href":"https:\/\/sciencexpression.com\/index.php\/wp-json\/wp\/v2\/comments?post=16"}],"version-history":[{"count":33,"href":"https:\/\/sciencexpression.com\/index.php\/wp-json\/wp\/v2\/pages\/16\/revisions"}],"predecessor-version":[{"id":2220,"href":"https:\/\/sciencexpression.com\/index.php\/wp-json\/wp\/v2\/pages\/16\/revisions\/2220"}],"wp:attachment":[{"href":"https:\/\/sciencexpression.com\/index.php\/wp-json\/wp\/v2\/media?parent=16"}],"curies":[{"name":"wp","href":"https:\/\/api.w.org\/{rel}","templated":true}]}}